{"id":3622,"date":"2022-07-05T10:53:51","date_gmt":"2022-07-05T08:53:51","guid":{"rendered":"https:\/\/www.riddarhuset.se\/hem\/"},"modified":"2024-02-08T15:47:41","modified_gmt":"2024-02-08T14:47:41","slug":"home","status":"publish","type":"page","link":"https:\/\/www.riddarhuset.se\/en\/","title":{"rendered":"Home"},"content":{"rendered":"<section id=\"hero-block_5455983d0228146225a0c47682b466da\" class=\"block hero\">\n\t<div class=\"container\">\n\n\t\t<article class=\"hero__top\">\n\t\t\t\t\t\t\t<div class=\"hero__top-left\">\n\t\t\t\t\t<h1 class=\"h1 hero__title\">Discover the Swedish House of Nobility<\/h1>\t\t\t\t\t<p class=\"hero__preamble\">The Palace of the Nobility in Stockholm&#8217;s Old Town, a part of the story of Sweden<\/p>\t\t\t\t<\/div>\n\t\t\t\t\t\t\t\t<\/article>\n\n\t\t\n<h2 class=\"h2 hero__slider-header\">What&#8217;s on<\/h2>\n<section class=\"hero__slider\">\n\t\n\t<aside class=\"hero__slider-previews\">\n\t\t\t\t\t\t\t\t\t\t\n\t\t\t\t\t\t\t\t\t\t\t\t\t\n<article class=\"hero__slider-preview-item hero__slider-preview-item--news\">\n\t<p class=\"category h6\">Nyhet<\/p>\t<h5 class=\"title\">The Minerva database<\/h5>\t\t<p class=\"meta\"><span>25 March 2025<\/span><\/p><\/article>\t\t\t\t\t\t\t\t\t\t\t\n<article class=\"hero__slider-preview-item hero__slider-preview-item--news\">\n\t<p class=\"category h6\">Nyhet<\/p>\t<h5 class=\"title\">The Palace Fund &#8211; contributions welcomed<\/h5>\t\t<p class=\"meta\"><span>14 January 2025<\/span><\/p><\/article>\t\t\t\t\t\t\t\t\t\t\t\n<article class=\"hero__slider-preview-item hero__slider-preview-item--news\">\n\t<p class=\"category h6\">Nyhet<\/p>\t<h5 class=\"title\">Update your details<\/h5>\t\t<p class=\"meta\"><span>5 January 2025<\/span><\/p><\/article>\t\t\t\t\t\t\t\n\t\t<p class=\"hero__slider-link\"><a class=\"link-arrow\" href=\"https:\/\/www.riddarhuset.se\/evenemang\/\">Show all events<\/a><\/p>\t<\/aside>\n\n\t<section class=\"hero__slider-big\">\n\t\t<div class=\"glide\">\n\t\t\t<div class=\"glide__track\" data-glide-el=\"track\">\n\t\t\t\t<div class=\"glide__slides\">\n\t\t\t\t\t\t\t\t\t\t\t\t\t\t\t\t\t\t\t\t\t\t\n\t\t\t\t\t\t\t\t\t\t\t\t\t\t\t\t\t\t\t\t\t\t\t\t\t\n<article class=\"glide__slide hero__slider-item hero__slider-item--news\">\n\t<img loading=\"lazy\" decoding=\"async\" width=\"239\" height=\"240\" src=\"https:\/\/www.riddarhuset.se\/wp-content\/uploads\/2023\/05\/minerva-logo.png\" class=\"attachment-hero-slider size-hero-slider\" alt=\"\" srcset=\"https:\/\/www.riddarhuset.se\/wp-content\/uploads\/2023\/05\/minerva-logo.png 239w, https:\/\/www.riddarhuset.se\/wp-content\/uploads\/2023\/05\/minerva-logo-150x150.png 150w, https:\/\/www.riddarhuset.se\/wp-content\/uploads\/2023\/05\/minerva-logo-100x100.png 100w\" sizes=\"auto, (max-width: 239px) 100vw, 239px\" \/>\n\t<div class=\"info\">\n\t\t<p class=\"category h6\">Nyhet<\/p>\t\t<h5 class=\"h3 title\"><a href=\"https:\/\/www.riddarhuset.se\/en\/nyhet\/the-minerva-database\/\">The Minerva database<\/a><\/h5>\t\t\t\t<p class=\"meta\"><span>25 March 2025<\/span><\/p>\t<\/div>\n<\/article>\t\t\t\t\t\t\t\t\t\t\t\t\t\t\t\t\t\t\t\t\t\t\t\t\t\t\t\n<article class=\"glide__slide hero__slider-item hero__slider-item--news\">\n\t<img loading=\"lazy\" decoding=\"async\" width=\"768\" height=\"567\" src=\"https:\/\/www.riddarhuset.se\/wp-content\/uploads\/2022\/12\/img_0185-768x567-1.jpg\" class=\"attachment-hero-slider size-hero-slider\" alt=\"\" srcset=\"https:\/\/www.riddarhuset.se\/wp-content\/uploads\/2022\/12\/img_0185-768x567-1.jpg 768w, https:\/\/www.riddarhuset.se\/wp-content\/uploads\/2022\/12\/img_0185-768x567-1-374x276.jpg 374w, https:\/\/www.riddarhuset.se\/wp-content\/uploads\/2022\/12\/img_0185-768x567-1-600x443.jpg 600w\" sizes=\"auto, (max-width: 768px) 100vw, 768px\" \/>\n\t<div class=\"info\">\n\t\t<p class=\"category h6\">Nyhet<\/p>\t\t<h5 class=\"h3 title\"><a href=\"https:\/\/www.riddarhuset.se\/en\/nyhet\/renovation-2023-2025-contributions-welcomed\/\">The Palace Fund &#8211; contributions welcomed<\/a><\/h5>\t\t\t\t<p class=\"meta\"><span>14 January 2025<\/span><\/p>\t<\/div>\n<\/article>\t\t\t\t\t\t\t\t\t\t\t\t\t\t\t\t\t\t\t\t\t\t\t\t\t\t\t\n<article class=\"glide__slide hero__slider-item hero__slider-item--news\">\n\t<img loading=\"lazy\" decoding=\"async\" width=\"431\" height=\"288\" src=\"https:\/\/www.riddarhuset.se\/wp-content\/uploads\/2022\/07\/books.webp\" class=\"attachment-hero-slider size-hero-slider\" alt=\"\" srcset=\"https:\/\/www.riddarhuset.se\/wp-content\/uploads\/2022\/07\/books.webp 431w, https:\/\/www.riddarhuset.se\/wp-content\/uploads\/2022\/07\/books-374x250.webp 374w, https:\/\/www.riddarhuset.se\/wp-content\/uploads\/2022\/07\/books-400x268.webp 400w\" sizes=\"auto, (max-width: 431px) 100vw, 431px\" \/>\n\t<div class=\"info\">\n\t\t<p class=\"category h6\">Nyhet<\/p>\t\t<h5 class=\"h3 title\"><a href=\"https:\/\/www.riddarhuset.se\/en\/nyhet\/update-your-details\/\">Update your details<\/a><\/h5>\t\t\t\t<p class=\"meta\"><span>5 January 2025<\/span><\/p>\t<\/div>\n<\/article>\t\t\t\t\t\t\t\t\t\t\t\t\t\t\t\t\t\t\t\t\t\t\t\t\t\t\t<\/div>\n\t\t\t<\/div>\n\n\t\t\t\t\t\t\t<div class=\"glide__bullets\" data-glide-el=\"controls[nav]\">\n\t\t\t\t\t\t\t\t\t\t\t<button\n\t\t\t\t\t\t\tclass=\"glide__bullet\"\n\t\t\t\t\t\t\tdata-glide-dir=\"=0\"\n\t\t\t\t\t\t\taria-label=\"G\u00e5 till sida 1\">\n\t\t\t\t\t\t<\/button>\n\t\t\t\t\t\t\t\t\t\t\t<button\n\t\t\t\t\t\t\tclass=\"glide__bullet\"\n\t\t\t\t\t\t\tdata-glide-dir=\"=1\"\n\t\t\t\t\t\t\taria-label=\"G\u00e5 till sida 2\">\n\t\t\t\t\t\t<\/button>\n\t\t\t\t\t\t\t\t\t\t\t<button\n\t\t\t\t\t\t\tclass=\"glide__bullet\"\n\t\t\t\t\t\t\tdata-glide-dir=\"=2\"\n\t\t\t\t\t\t\taria-label=\"G\u00e5 till sida 3\">\n\t\t\t\t\t\t<\/button>\n\t\t\t\t\t\t\t\t\t<\/div>\n\t\t\t\t\t\t\n\t\t<\/div>\n\n\t\t<button class=\"hero__slider-big-arrow hero__slider-big-arrow--left\" aria-label=\"N\u00e4sta\">\n\t\t\t<i class=\"fa fa-chevron-left\"><\/i>\n\t\t<\/button>\n\n\t\t<button class=\"hero__slider-big-arrow hero__slider-big-arrow--right\" aria-label=\"F\u00f6reg\u00e5ende\">\n\t\t\t<i class=\"fa fa-chevron-right\"><\/i>\n\t\t<\/button>\n\n\t\t\n\n\t<\/section>\n\n<\/section>\n\n\t<\/div>\n<\/section>\n\n<section id=\"link-blocks-with-description-block_5ef1ee0e58dfe4a79b046ad50a9fe49b\" class=\"block link-blocks-with-description\">\n\t<div class=\"container link-blocks-with-description__container\">\n\t\t\n\t\t\t\t\t\t\t\t\t\t\t\t\t<a class=\"link-blocks-with-description__block link-blocks-with-description__block--has-span\" href=\"https:\/\/www.riddarhuset.se\/riddarhushistoria\/\" target=\"\">\n\t\t\t\t\t\t\t\t\t\t<figure class=\"link-blocks-with-description__image\"><img loading=\"lazy\" decoding=\"async\" width=\"430\" height=\"288\" src=\"https:\/\/www.riddarhuset.se\/wp-content\/uploads\/2022\/07\/bg-2-430x288.webp\" class=\"attachment-link-blocks-with-description size-link-blocks-with-description\" alt=\"\" srcset=\"https:\/\/www.riddarhuset.se\/wp-content\/uploads\/2022\/07\/bg-2-430x288.webp 430w, https:\/\/www.riddarhuset.se\/wp-content\/uploads\/2022\/07\/bg-2-400x268.webp 400w\" sizes=\"auto, (max-width: 430px) 100vw, 430px\" \/><\/figure>\t\t\t\t\t<h3 class=\"h3 link-blocks-with-description__subheader\">The palace online<\/h3>\t\t\t\t\t<p class=\"link-blocks-with-description__text\">Through our online visitors guide you can take part of the different halls &#8211; their history, architecture and purpose in pictures and short films. In Swedish only. <\/p>\t\t\t\t\t<span class=\"link-blocks-with-description__link link-arrow\">Riddarhuspalatset<\/span>\t\t\t\t<\/a>\n\t\t\t\t\t\t\t\t\t\t\t<a class=\"link-blocks-with-description__block link-blocks-with-description__block--has-span\" href=\"https:\/\/www.riddarhuset.se\/arkiv-samlingar\/databasen-minerva\/\" target=\"\">\n\t\t\t\t\t\t\t\t\t\t<figure class=\"link-blocks-with-description__image\"><img loading=\"lazy\" decoding=\"async\" width=\"430\" height=\"288\" src=\"https:\/\/www.riddarhuset.se\/wp-content\/uploads\/2022\/07\/medallions.webp\" class=\"attachment-link-blocks-with-description size-link-blocks-with-description\" alt=\"\" srcset=\"https:\/\/www.riddarhuset.se\/wp-content\/uploads\/2022\/07\/medallions.webp 430w, https:\/\/www.riddarhuset.se\/wp-content\/uploads\/2022\/07\/medallions-374x250.webp 374w, https:\/\/www.riddarhuset.se\/wp-content\/uploads\/2022\/07\/medallions-400x268.webp 400w\" sizes=\"auto, (max-width: 430px) 100vw, 430px\" \/><\/figure>\t\t\t\t\t<h3 class=\"h3 link-blocks-with-description__subheader\">Database Minerva<\/h3>\t\t\t\t\t<p class=\"link-blocks-with-description__text\">Find out more about our collections in Minerva where you can search by family name, rank, introduction years, origin etc. Or just scroll through our popular collection of over 12 000 portrait photos from the 19th century and forth. Only available in Swedish. <\/p>\t\t\t\t\t<span class=\"link-blocks-with-description__link link-arrow\">Find out more<\/span>\t\t\t\t<\/a>\n\t\t\t\t\t\t\t\t\t\t\t<a class=\"link-blocks-with-description__block link-blocks-with-description__block--has-span\" href=\"https:\/\/www.riddarhuset.se\/en\/update-your-details\/\" target=\"\">\n\t\t\t\t\t<label class=\"link-blocks-with-description__label\">F\u00f6r \u00e4ttemedlemmar<\/label>\t\t\t\t\t<figure class=\"link-blocks-with-description__image\"><img loading=\"lazy\" decoding=\"async\" width=\"430\" height=\"287\" src=\"https:\/\/www.riddarhuset.se\/wp-content\/uploads\/2022\/07\/books.webp\" class=\"attachment-link-blocks-with-description size-link-blocks-with-description\" alt=\"\" srcset=\"https:\/\/www.riddarhuset.se\/wp-content\/uploads\/2022\/07\/books.webp 431w, https:\/\/www.riddarhuset.se\/wp-content\/uploads\/2022\/07\/books-374x250.webp 374w, https:\/\/www.riddarhuset.se\/wp-content\/uploads\/2022\/07\/books-400x268.webp 400w\" sizes=\"auto, (max-width: 430px) 100vw, 430px\" \/><\/figure>\t\t\t\t\t<h3 class=\"h3 link-blocks-with-description__subheader\">Update your details<\/h3>\t\t\t\t\t<p class=\"link-blocks-with-description__text\">For members only. <br \/>\r\nWe gratefully accept information regarding births, marriages, divorces and deaths in the family, especielly for family members living abroad. <\/p>\t\t\t\t\t<span class=\"link-blocks-with-description__link link-arrow\">Update your details<\/span>\t\t\t\t<\/a>\n\t\t\t\t\t\t<\/div>\n<\/section>\n\n<section id=\"image-text-block_02fb9aab11aab4eabfdde415b4f8bbba\" class=\"block image-text image-text--text-image image-text--wine\">\n\t<div class=\"image-text__inner\">\n\t\t<figure class=\"image-text__image\"><img loading=\"lazy\" decoding=\"async\" width=\"692\" height=\"520\" src=\"https:\/\/www.riddarhuset.se\/wp-content\/uploads\/2023\/11\/20231123_143033-692x520.jpg\" class=\"attachment-image-text size-image-text\" alt=\"\" \/><\/figure>\t\t<article class=\"image-text__content\">\n\t\t\t<div class=\"image-text__content__inner\">\n\t\t\t\t<h3 class=\"h2 image-text__header\">Our webshop<\/h3>\t\t\t\t<p class=\"image-text__text\">Buy the Swedish Peerage Book, subscribe to our member magazine Arte et Marte, browse our book collection and find the perfect gift in our webshop. <\/p>\t\t\t\t<p class=\"image-text__button\"><a target=\"_blank\" class=\"btn btn--primary\" href=\"https:\/\/www.riddarhuset.se\/en\/shop\/\">Shop<\/a><\/p>\t\t\t\t\t\t\t\t\t\t\t<\/div>\n\t\t<\/article>\n\t<\/div>\n<\/section>\n\n<section id=\"image-text-block_d06c53613d0271d27a8e2a71ee687f85\" class=\"block image-text image-text--image-text image-text--beige\">\n\t<div class=\"image-text__inner\">\n\t\t<a aria-label=\"Spela video\" class=\"image-text__image image-text__image--video glightbox\" target=\"_blank\" href=\"https:\/\/youtu.be\/vW6vrcJo-pc\"><img loading=\"lazy\" decoding=\"async\" width=\"692\" height=\"520\" src=\"https:\/\/www.riddarhuset.se\/wp-content\/uploads\/2022\/07\/bg-1-692x520.webp\" class=\"attachment-image-text size-image-text\" alt=\"\" \/><span class=\"image-text__play\"><svg width=\"108\" height=\"105\" fill=\"none\" xmlns=\"http:\/\/www.w3.org\/2000\/svg\"><path opacity=\".66\" d=\"M54 .147C24.215.147.065 23.431.065 52.147c0 28.717 24.15 52 53.935 52 29.785 0 53.935-23.284 53.935-52S83.785.148 54 .148zm17.35 52.801L45.055 71.392a.987.987 0 01-1.003.073.953.953 0 01-.384-.343.907.907 0 01-.142-.484V33.773c0-.171.048-.34.14-.486a.95.95 0 01.384-.343.994.994 0 011.005.075L71.349 51.45a.928.928 0 01.295.327.891.891 0 010 .843.928.928 0 01-.296.327z\" fill=\"#fff\"\/><\/svg><\/span><\/a>\t\t<article class=\"image-text__content\">\n\t\t\t<div class=\"image-text__content__inner\">\n\t\t\t\t<h3 class=\"h2 image-text__header\">Take a look inside the palace<\/h3>\t\t\t\t<p class=\"image-text__text\">Join us as the General Secretary of the House of Nobiliy Erik Drakenberg shows us around the palace. In Swedish. <\/p>\t\t\t\t\t\t\t\t<p class=\"image-text__arrow-link\"><a class=\"link-arrow\" href=\"https:\/\/www.riddarhuset.se\/wp-content\/uploads\/2022\/12\/1.-vinden.mp4\">Riddarhusets vind<\/a><\/p><p class=\"image-text__arrow-link\"><a class=\"link-arrow\" href=\"https:\/\/www.riddarhuset.se\/wp-content\/uploads\/2022\/12\/6.-sallskapsvaningen.mp4\">S\u00e4llskapsv\u00e5ningen<\/a><\/p>\t\t\t\t\t\t\t<\/div>\n\t\t<\/article>\n\t<\/div>\n<\/section>\n\n<section id=\"full-width-image-text-block_04d53b7c8c28982b2a924aad63e134bd\" class=\"block full-width-image-text full-width-image-text--image-content full-width-image-text--blue\">\n\t<article class=\"full-width-image-text__content-col\">\n\t\t<div class=\"full-width-image-text__content\">\n\t\t\t<h1 class=\"h2 full-width-image-text__header\">What does it mean to be a noble family member?<\/h1>\t\t\t<p class=\"full-width-image-text__text\">There are 657 living introduced families consisting of close to 28 000 people at the Swedish House of Nobility. What does it mean to be part of a noble family of the Swedish House of Nobility? <\/p>\t\t\t<p class=\"full-width-image-text__button\"><a class=\"btn btn--primary\" href=\"https:\/\/www.riddarhuset.se\/en\/being-a-noble-family-member\/\">Learn more here<\/a><\/p>\t\t<\/div>\n\t<\/article>\n\t<figure class=\"full-width-image-text__image\"><img loading=\"lazy\" decoding=\"async\" width=\"1151\" height=\"641\" src=\"https:\/\/www.riddarhuset.se\/wp-content\/uploads\/2022\/09\/1600-tal.jpg\" class=\"attachment-full size-full\" alt=\"\" srcset=\"https:\/\/www.riddarhuset.se\/wp-content\/uploads\/2022\/09\/1600-tal.jpg 1151w, https:\/\/www.riddarhuset.se\/wp-content\/uploads\/2022\/09\/1600-tal-374x208.jpg 374w, https:\/\/www.riddarhuset.se\/wp-content\/uploads\/2022\/09\/1600-tal-914x509.jpg 914w, https:\/\/www.riddarhuset.se\/wp-content\/uploads\/2022\/09\/1600-tal-600x334.jpg 600w\" sizes=\"auto, (max-width: 1151px) 100vw, 1151px\" \/><\/figure><\/section>\n\n<section id=\"image-text-block_f817ce4f0a98fbc801cf7edd3d500aa3\" class=\"block image-text image-text--image-text image-text--wine\">\n\t<div class=\"image-text__inner\">\n\t\t<figure class=\"image-text__image\"><img loading=\"lazy\" decoding=\"async\" width=\"692\" height=\"519\" src=\"https:\/\/www.riddarhuset.se\/wp-content\/uploads\/2022\/07\/social-media-image.webp\" class=\"attachment-image-text size-image-text\" alt=\"\" srcset=\"https:\/\/www.riddarhuset.se\/wp-content\/uploads\/2022\/07\/social-media-image.webp 693w, https:\/\/www.riddarhuset.se\/wp-content\/uploads\/2022\/07\/social-media-image-374x281.webp 374w, https:\/\/www.riddarhuset.se\/wp-content\/uploads\/2022\/07\/social-media-image-600x450.webp 600w\" sizes=\"auto, (max-width: 692px) 100vw, 692px\" \/><\/figure>\t\t<article class=\"image-text__content\">\n\t\t\t<div class=\"image-text__content__inner\">\n\t\t\t\t<h3 class=\"h2 image-text__header\">Stay up-to-date<\/h3>\t\t\t\t<p class=\"image-text__text\">Follow us on social media and subscribe to our newsletter (in Swedish). <\/p>\t\t\t\t\t\t\t\t\t\t\t\t<p class=\"image-text__social-media-link\"><a href=\"https:\/\/www.instagram.com\/riddarhuset\/\"><span class=\"icon\"><i class=\"fab fa-instagram\"><\/i><\/span><span class=\"text\">Follow us on Instagram<\/span><\/a><\/p><p class=\"image-text__social-media-link\"><a href=\"https:\/\/www.facebook.com\/riddarhuset\/\"><span class=\"icon\"><i class=\"fab fa-facebook-f\"><\/i><\/span><span class=\"text\">Follow us on Facebook<\/span><\/a><\/p><p class=\"image-text__social-media-link\"><a href=\"https:\/\/www.youtube.com\/channel\/UC0bhSjrFu_afaCOraOcR6zQ\"><span class=\"icon\"><i class=\"fab fa-youtube\"><\/i><\/span><span class=\"text\">Follow us on YouTube<\/span><\/a><\/p>\t\t\t<\/div>\n\t\t<\/article>\n\t<\/div>\n<\/section>","protected":false},"excerpt":{"rendered":"<p>Welcome to discover the House of Nobility<\/p>\n","protected":false},"author":1,"featured_media":0,"parent":0,"menu_order":-1,"comment_status":"closed","ping_status":"closed","template":"","meta":{"_acf_changed":false,"_seopress_robots_primary_cat":"","_seopress_titles_title":"","_seopress_titles_desc":"Riddarhuset \u00e4r en kunskapsk\u00e4lla i ber\u00e4ttelsen om Sverige. Vi v\u00e4rnar ett historiskt arv. Till Riddarhuset finns idag 663 adliga \u00e4tter knutna.","_seopress_robots_index":"","footnotes":""},"class_list":["post-3622","page","type-page","status-publish","hentry"],"acf":[],"_links":{"self":[{"href":"https:\/\/www.riddarhuset.se\/en\/wp-json\/wp\/v2\/pages\/3622","targetHints":{"allow":["GET"]}}],"collection":[{"href":"https:\/\/www.riddarhuset.se\/en\/wp-json\/wp\/v2\/pages"}],"about":[{"href":"https:\/\/www.riddarhuset.se\/en\/wp-json\/wp\/v2\/types\/page"}],"author":[{"embeddable":true,"href":"https:\/\/www.riddarhuset.se\/en\/wp-json\/wp\/v2\/users\/1"}],"replies":[{"embeddable":true,"href":"https:\/\/www.riddarhuset.se\/en\/wp-json\/wp\/v2\/comments?post=3622"}],"version-history":[{"count":44,"href":"https:\/\/www.riddarhuset.se\/en\/wp-json\/wp\/v2\/pages\/3622\/revisions"}],"predecessor-version":[{"id":10325,"href":"https:\/\/www.riddarhuset.se\/en\/wp-json\/wp\/v2\/pages\/3622\/revisions\/10325"}],"wp:attachment":[{"href":"https:\/\/www.riddarhuset.se\/en\/wp-json\/wp\/v2\/media?parent=3622"}],"curies":[{"name":"wp","href":"https:\/\/api.w.org\/{rel}","templated":true}]}}